{"id":333,"date":"2017-03-27T13:20:01","date_gmt":"2017-03-27T13:20:01","guid":{"rendered":"https:\/\/cmbett.lu\/?page_id=333"},"modified":"2022-08-18T15:28:52","modified_gmt":"2022-08-18T13:28:52","slug":"urgences","status":"publish","type":"page","link":"https:\/\/cmbett.lu\/lb\/urgences\/","title":{"rendered":"Noutfall"},"content":{"rendered":"<p>[vc_row full_width=&#8221;stretch_row&#8221; content_placement=&#8221;middle&#8221; css=&#8221;.vc_custom_1496069902041{padding-top: 0px !important;background-color: #0767a7 !important;}&#8221;][vc_column width=&#8221;1\/6&#8243;][\/vc_column][vc_column width=&#8221;2\/3&#8243;][vc_column_text el_class=&#8221;white-color&#8221;]<\/p>\n<p style=\"text-align: center;\">Wann den Cabinet Owes, Weekends an Feierdeeg zou as, kennt dir an eng<strong> Maison m\u00e9dicale<\/strong> goen, sie assur\u00e9ieren de Remplacement vun den Generalisten.<\/p>\n<p style=\"text-align: center;\">Sie offr\u00e9ieren eng medezinesch Permanence, mee sinn keen Noutfallservice. <strong>Am Fall vun engem Noutfall, \u00ebmmer direkt den 112 uruffen.<\/strong><\/p>\n<p>[\/vc_column_text][\/vc_column][vc_column width=&#8221;1\/6&#8243;][\/vc_column][\/vc_row][vc_row][vc_column][vc_column_text]<\/p>\n<h4>\u00cbffnungsz\u00e4iten vun den Maisons m\u00e9dicales :<\/h4>\n<ul>\n<li>Weekends an Feierdeeg funktion\u00e9iert d\u00ebsen Service vun 8h Moies bis 7h den Dag drop.<\/li>\n<li>W\u00e4hrend der Woch as d\u00ebsen Service vun 20h bis 7h Moies assur\u00e9iert.<\/li>\n<\/ul>\n<p>&nbsp;<\/p>\n<p>D\u2019Maison m\u00e9dicale as op fir Consultatiounen vun 8h, respektiv 20h bis 24h. No M\u00ebtternuecht, muss een fir d\u2019\u00e9ischt den 112 uruffen. Den Uruff g\u00ebtt dann un den Dengschtdokter vun der Maison m\u00e9dicale weidergeleet. Hien kontakt\u00e9iert iech dann sou schnell wei et m\u00e9iglech as.<\/p>\n<p>Deemno em w\u00e9i een medezineschen Problem et sech handelt, kann den Dokter och eng Hausvisite maachen.<\/p>\n<p>&nbsp;<\/p>\n<h4 style=\"text-align: left;\">3 Maisons m\u00e9dicales sinn am Land disponibel :<\/h4>\n<p>[\/vc_column_text][\/vc_column][\/vc_row][vc_row][vc_column width=&#8221;1\/3&#8243;]<div class=\"intro intro-feature\">\n<div class=\"intro-icon\"><span class=\"icon et-map\"><\/span><\/div>\n<div class=\"intro-content\">\n<h5>Maison m\u00e9dicale Esch-Uelzecht <\/h5>\n<p>70, rue \u00c9mile Mayrisch<br \/>\nL-4240 Esch\/Alzette<\/p>\n<\/div>\n<\/div>[\/vc_column][vc_column width=&#8221;1\/3&#8243;]<div class=\"intro intro-feature\">\n<div class=\"intro-icon\"><span class=\"icon et-map\"><\/span><\/div>\n<div class=\"intro-content\">\n<h5>Maison m\u00e9dicale Stad L\u00ebtzebuerg<\/h5>\n<p>59, Rue Michel Welter<br \/>\nL-2730 Luxembourg<\/p>\n<\/div>\n<\/div>[\/vc_column][vc_column width=&#8221;1\/3&#8243;]<div class=\"intro intro-feature\">\n<div class=\"intro-icon\"><span class=\"icon et-map\"><\/span><\/div>\n<div class=\"intro-content\">\n<h5>Maison m\u00e9dicale Ettelbr\u00e9ck<\/h5>\n<p>110, avenue Lucien Salentiny<br \/>\nL-9080 Ettelbruck<\/p>\n<\/div>\n<\/div>[\/vc_column][\/vc_row][vc_row][vc_column][vc_column_text]<\/p>\n<h4>W\u00e9ini soll een sech un eng Maison m\u00e9dicale wenden?<\/h4>\n<p>All K\u00e9iers wann \u00e4ren Gesondheetszoustand no enger Visite bei engem Generaliste verlaangt an dir net den Retour vun \u00e4rem Hausdokter kennt ofwaarden, kennt dir iech un eng Maison m\u00e9dicale wenden.<\/p>\n<p>Wann dir iech net kennt bei d\u2019Maison m\u00e9dicale deplac\u00e9ieren, kennt dir d\u2019Maison m\u00e9dicale iwwert den 112 kontakt\u00e9ieren. Den Uruff g\u00ebtt dann un den Dengschtdokter vun der Maison m\u00e9dicale weidergeleet. Hien kontakt\u00e9iert iech dann sou schnell wei et m\u00e9iglech as.<\/p>\n<p>Wann et n\u00e9ideg as, kann den Dokter och eng Hausvisite maachen an Funktioun vun den Disponibilit\u00e9iten an deemno em w\u00e9i een medezineschen Problem et sech handelt.<\/p>\n<p>No M\u00ebtternuecht, as et obligatoresch den 112 unzeruffen.[\/vc_column_text][\/vc_column][\/vc_row]<\/p>","protected":false},"excerpt":{"rendered":"<p>[vc_row full_width=&#8221;stretch_row&#8221; content_placement=&#8221;middle&#8221; css=&#8221;.vc_custom_1496069902041{padding-top: 0px !important;background-color: #0767a7 !important;}&#8221;][vc_column width=&#8221;1\/6&#8243;][\/vc_column][vc_column width=&#8221;2\/3&#8243;][vc_column_text el_class=&#8221;white-color&#8221;] Wann den Cabinet Owes, Weekends an Feierdeeg zou as, kennt dir an eng Maison m\u00e9dicale goen, sie assur\u00e9ieren de Remplacement vun den Generalisten. Sie<\/p>\n<div class=\"more-link-wrap\"><a href=\"https:\/\/cmbett.lu\/lb\/urgences\/\" class=\"btn btn-ghost btn-accent btn-small view-more\">Continue reading <i class=\"fa fa-long-arrow-right\"><\/i><\/a><\/div>\n","protected":false},"author":1,"featured_media":0,"parent":0,"menu_order":0,"comment_status":"closed","ping_status":"closed","template":"","meta":[],"_links":{"self":[{"href":"https:\/\/cmbett.lu\/lb\/wp-json\/wp\/v2\/pages\/333"}],"collection":[{"href":"https:\/\/cmbett.lu\/lb\/wp-json\/wp\/v2\/pages"}],"about":[{"href":"https:\/\/cmbett.lu\/lb\/wp-json\/wp\/v2\/types\/page"}],"author":[{"embeddable":true,"href":"https:\/\/cmbett.lu\/lb\/wp-json\/wp\/v2\/users\/1"}],"replies":[{"embeddable":true,"href":"https:\/\/cmbett.lu\/lb\/wp-json\/wp\/v2\/comments?post=333"}],"version-history":[{"count":49,"href":"https:\/\/cmbett.lu\/lb\/wp-json\/wp\/v2\/pages\/333\/revisions"}],"predecessor-version":[{"id":1404,"href":"https:\/\/cmbett.lu\/lb\/wp-json\/wp\/v2\/pages\/333\/revisions\/1404"}],"wp:attachment":[{"href":"https:\/\/cmbett.lu\/lb\/wp-json\/wp\/v2\/media?parent=333"}],"curies":[{"name":"wp","href":"https:\/\/api.w.org\/{rel}","templated":true}]}}