{"id":241,"date":"2016-08-23T11:54:06","date_gmt":"2016-08-23T11:54:06","guid":{"rendered":"http:\/\/themeperch.net\/doctoral\/?page_id=241"},"modified":"2026-04-24T10:35:11","modified_gmt":"2026-04-24T08:35:11","slug":"rendez-vous","status":"publish","type":"page","link":"https:\/\/cmbett.lu\/lb\/rendez-vous\/","title":{"rendered":"Rendezvous huelen"},"content":{"rendered":"<p><strong>Fir eng besser Gestioun vun de villen Ufroen, ass eisen online Agenda fir de Wanter zou. Kontakt\u00e9iert eis w.e.g. direkt iwert Telefon oder e-mail.<\/strong><\/p>\n<p><strong>Tel: 51 13 82<\/strong><br \/>\n<strong>E-mail: <a href=\"mailto:info@cmbett.lu\">info@cmbett.lu<\/a><\/strong><\/p>\n<p><strong>Merci fir \u00e4rt Verst\u00e4ndnis.<\/strong><\/p>","protected":false},"excerpt":{"rendered":"<p>Fir eng besser Gestioun vun de villen Ufroen, ass eisen online Agenda fir de Wanter zou. Kontakt\u00e9iert eis w.e.g. direkt iwert Telefon oder e-mail. Tel: 51 13 82 E-mail: info@cmbett.lu Merci fir \u00e4rt Verst\u00e4ndnis.<\/p>\n","protected":false},"author":1,"featured_media":0,"parent":0,"menu_order":0,"comment_status":"closed","ping_status":"closed","template":"templates\/page-appointment.php","meta":[],"_links":{"self":[{"href":"https:\/\/cmbett.lu\/lb\/wp-json\/wp\/v2\/pages\/241"}],"collection":[{"href":"https:\/\/cmbett.lu\/lb\/wp-json\/wp\/v2\/pages"}],"about":[{"href":"https:\/\/cmbett.lu\/lb\/wp-json\/wp\/v2\/types\/page"}],"author":[{"embeddable":true,"href":"https:\/\/cmbett.lu\/lb\/wp-json\/wp\/v2\/users\/1"}],"replies":[{"embeddable":true,"href":"https:\/\/cmbett.lu\/lb\/wp-json\/wp\/v2\/comments?post=241"}],"version-history":[{"count":68,"href":"https:\/\/cmbett.lu\/lb\/wp-json\/wp\/v2\/pages\/241\/revisions"}],"predecessor-version":[{"id":723244,"href":"https:\/\/cmbett.lu\/lb\/wp-json\/wp\/v2\/pages\/241\/revisions\/723244"}],"wp:attachment":[{"href":"https:\/\/cmbett.lu\/lb\/wp-json\/wp\/v2\/media?parent=241"}],"curies":[{"name":"wp","href":"https:\/\/api.w.org\/{rel}","templated":true}]}}