{"id":179,"date":"2016-08-22T10:00:37","date_gmt":"2016-08-22T10:00:37","guid":{"rendered":"http:\/\/themeperch.net\/doctoral\/?page_id=179"},"modified":"2025-12-08T10:47:16","modified_gmt":"2025-12-08T09:47:16","slug":"home","status":"publish","type":"page","link":"https:\/\/cmbett.lu\/lb\/","title":{"rendered":"Accueil"},"content":{"rendered":"<p>[vc_row][vc_column]<div class=\"custom-vc-element-image-heading\"><div class=\"image-heading-content\"><\/p>\n<h1>Cabinet M\u00e9dical Bettembourg<\/h1>\n<p>M\u00e9decine g\u00e9n\u00e9rale<br \/>\nPetry Deborah,\u00a0 Jung Isabelle &amp; Thommes Mike<\/p>\n<\/div><div class=\"image-container\"><img src=\"https:\/\/cmbett.lu\/wp-content\/uploads\/2017\/03\/sliderphoto-web.jpg\" alt=\"intro\"><\/div><\/div><div class=\"custom-vc-element-latest-news\"><h2>Aktualit\u00e9it<\/h2><div class=\"latest-news-items\"><div class=\"latest-news-item\"><div class=\"latest-news-item-content\"><a href=\"https:\/\/cmbett.lu\/lb\/fermeture-exceptionnelle-le-7-et-8-avril-2026\/\"><h3>Ausnahmsweis zou w\u00e9inst Aarbechten vum 7. bis den 9. Abr\u00ebll 2026<\/h3><div class=\"latest-news-item-excerpt\">Eis Praxis ass vun D\u00ebnschdes de 7. bis Donnestes den 9. Abr\u00ebll ausnahmsweis zou w\u00e9inst Aarbechten.Fir \u00e4ren an eise Confort,...<\/div><\/a><\/div><\/div><div class=\"latest-news-item\"><div class=\"latest-news-item-content\"><a href=\"https:\/\/cmbett.lu\/lb\/port-du-masque\/\"><h3>Mask undoen<\/h3><div class=\"latest-news-item-excerpt\">L\u00e9if Patienten,\r\nmir bieden iech eng Mask unzedoen wann dir infekti\u00f6s Symptomer hudd (F\u00e9iwer, Houscht, Schnapp etc) oder wann dir e...<\/div><\/a><\/div><\/div><div class=\"latest-news-item\"><div class=\"latest-news-item-content\"><a href=\"https:\/\/cmbett.lu\/lb\/vaccination-anti-covid\/\"><h3>Covid Impfung<\/h3><div class=\"latest-news-item-excerpt\">Dir kennt Iech g\u00e9int Covid-19 bei eis an der Praxis impfen loossen (&gt; 12 Joer). Kontakt\u00e9iert eist Sekretariat fir e...<\/div><\/a><\/div><\/div><\/div><div class=\"latest-news-link\"><a class=\"btn btn-ghost btn-accent btn-small\" href=\"https:\/\/cmbett.lu\/lb\/news\/\">All news<\/a><\/div><\/div>[\/vc_column][\/vc_row][vc_row full_width=&#8221;stretch_row_content_no_spaces&#8221; equal_height=&#8221;yes&#8221; ad_padding=&#8221;column-no-spacing&#8221;][vc_column width=&#8221;1\/4&#8243;]<div class=\"contact-info-box color-bg\" style=\"background-color:rgba(7,103,167,0.8)\"><span class=\"icon et-map\"><\/span><h5>Adress vum Cabinet<\/h5><ul><li><span class=\"info-title\">Cabinet M\u00e9dical Bettembourg <\/span><\/li><li>82, rue Fernand Mertens<\/li><li>L-3258 Bettembourg<\/li><\/ul><\/div>[\/vc_column][vc_column width=&#8221;1\/4&#8243;]<div class=\"contact-info-box color-bg\" style=\"background-color:rgba(7,103,167,0.9)\"><span class=\"icon et-mobile\"><\/span><h5>Rendezvous<\/h5><ul><li><a href=\"\/rendez-vous\/\">Huelt iech\u00a0\u00e4ren Rendezvous\u00a0online<\/a><\/li><li><span class=\"info-title\">Iwwer Telefon:<\/span><a href=\"tel:\/\/511382\">51 13 82<\/a><\/li><li><span class=\"info-title\">Email: <\/span><a href=\"mailto:info@cmbett.lu\">info@cmbett.lu<\/a><\/li><\/ul><\/div>[\/vc_column][vc_column width=&#8221;1\/4&#8243;]<div class=\"contact-info-box color-bg\" style=\"background-color:\"><span class=\"icon et-clock\"><\/span><h5>Horairen vum Sekretariat<\/h5><ul><li><span class=\"info-title\">M\u00e9indes \u2013 Freides<\/span>7:45-12:00 an 13:00-16:30<\/li><\/ul><\/div>[\/vc_column][vc_column width=&#8221;1\/4&#8243;]<div class=\"contact-info-box color-bg\" style=\"background-color:#1f76b0\"><span class=\"icon et-clock\"><\/span><h5>Horairen vun de Consultatiounen<\/h5><ul><li><span class=\"info-title\">M\u00e9indes<\/span>8:00 \u2013 12:00 et 13:00 \u2013 17:00<\/li><li><span class=\"info-title\">D\u00ebnschdes<\/span>8:00-11:30 et 13:00 - 17:00<\/li><li><span class=\"info-title\">M\u00ebttwochs<\/span>8:00 \u2013 12:00 et 14:00 \u2013 17:00<\/li><li><span class=\"info-title\">Donneschdes<\/span>8:00 \u2013 12:00 et 14:00 \u2013 18:30<\/li><li><span class=\"info-title\">Freides<\/span>8:00 \u2013 12:00 et 14:00 \u2013 17:00<\/li><li><span class=\"info-title\"> Samschdes<\/span>Consultatiounen jee no Besoin<\/li><\/ul><\/div>[\/vc_column][\/vc_row][vc_row css=&#8221;.vc_custom_1496067553502{padding-top: 60px !important;padding-bottom: 0px !important;}&#8221;][vc_column][vc_column_text]<\/p>\n<h5 style=\"text-align: center;\">D\u2019Consultatiounen sinn n\u00ebmmen op Rendezvous, ausser am Fall vun engem Noutfall.<\/h5>\n<h5 style=\"text-align: center;\">Mir maachen och Hausvisitten (Gemeng Beetebuerg) jee no eisen Disponibilit\u00e9iten, mee haapts\u00e4chlech w\u00e4rend der M\u00ebttesstonn oder Owes no eisen Consultatiounen. Dir kennt eis per Telefon oder Mail kontakt\u00e9ieren.<\/h5>\n<p>[\/vc_column_text][\/vc_column][\/vc_row][vc_row][vc_column][vc_column_text]<\/p>\n<h5 style=\"text-align: center;\">Wann den Rendezvous ouni valabel Excuse net mat Z\u00e4iten annul\u00e9iert g\u00ebtt, d.h. minimum <strong>3 Stonnen am Viraus oder direkt um 8h fir een RDV virun 11h00<\/strong>, dann huelen mir eis Fr\u00e4iheet eng Indemnit\u00e9it ze verrechnen fir des net-respekt\u00e9iert Consultatioun.<\/h5>\n<p>[\/vc_column_text][\/vc_column][\/vc_row][vc_row full_width=&#8221;stretch_row_content_no_spaces&#8221;][vc_column width=&#8221;1\/4&#8243;]<div class=\"intro intro-feature\">\n<div class=\"intro-icon\"><span class=\"icon et-caution\"><\/span><\/div>\n<div class=\"intro-content\">\n<h5>Urgences<\/h5>\n<p>112<\/p>\n<\/div>\n<\/div>[\/vc_column][vc_column width=&#8221;1\/4&#8243;]<div class=\"intro intro-feature\">\n<div class=\"intro-icon\"><span class=\"icon et-map\"><\/span><\/div>\n<div class=\"intro-content\">\n<h5>Maison m\u00e9dicale Luxembourg-Ville<\/h5>\n<p>23, Val Fleuri<br \/>\nL-1526 Luxembourg<br \/>\n<\/p>\n<\/div>\n<\/div>[\/vc_column][vc_column width=&#8221;1\/4&#8243;]<div class=\"intro intro-feature\">\n<div class=\"intro-icon\"><span class=\"icon et-map\"><\/span><\/div>\n<div class=\"intro-content\">\n<h5>Maison m\u00e9dicale Esch-sur-Alzette<\/h5>\n<p>3-5, avenue du Swing<br \/>\nL-4367 Belvaux (Esch-Belval)<\/p>\n<\/div>\n<\/div>[\/vc_column][vc_column width=&#8221;1\/4&#8243;]<div class=\"intro intro-feature\">\n<div class=\"intro-icon\"><span class=\"icon et-compass\"><\/span><\/div>\n<div class=\"intro-content\">\n<h5><\/h5>\n<p><a href=\"http:\/\/www.sante.public.lu\/fr\/urgences-gardes\/services-garde\/hopitaux-garde\/index.html\" target=\"_blank\" rel=\"noopener noreferrer\">H\u00f4pital de garde<\/a><br \/>\n<a href=\"http:\/\/www.pharmacie.lu\/\" target=\"_blank\" rel=\"noopener noreferrer\">Pharmacie de garde<\/a><\/p>\n<\/div>\n<\/div>[\/vc_column][\/vc_row][vc_row full_width=&#8221;stretch_row&#8221; ad_bg=&#8221;alt-bg&#8221;][vc_column]<div><div class=\"welcome-text text-center\">\r\n                <h3>\u00c4ert Team<\/h3>\r\n                <\/div><\/div><div class=\"doctors-carousel doctors-grid row doctors-carousel--petry-jung\">\n                        <div class=\"col-md-6 col-sm-6\">\n                    <div class=\"item\">\n                    <div class=\"doctor-thumb\">\n                        <a href=\"https:\/\/cmbett.lu\/lb\/team\/deborah-petry\/\">\n                            <img src=\"https:\/\/cmbett.lu\/wp-content\/uploads\/2017\/03\/Debo-200x300.jpg\" alt=\"\">\n                        <\/a>\n                        <div class=\"doctor-social\">\n                            <ul class=\"list-inline text-center\"><li><a href=\"#\" title=\"Linkedin\">\n            <i class=\"fa fa-linkedin\"><\/i>\n            \n            <\/a><\/li><\/ul>                        <\/div>\n                    <\/div>\n                    <div class=\"doctor-info\">\n                        <h5><a href=\"https:\/\/cmbett.lu\/lb\/team\/deborah-petry\/\">Deborah Petry<\/a><\/h5>\n                        <span>Generalist<\/span>                    <\/div>\n                    <\/div>\n                <\/div>\n              \n                                <div class=\"col-md-6 col-sm-6\">\n                    <div class=\"item\">\n                    <div class=\"doctor-thumb\">\n                        <a href=\"https:\/\/cmbett.lu\/lb\/team\/isabelle-jung\/\">\n                            <img src=\"https:\/\/cmbett.lu\/wp-content\/uploads\/2017\/03\/Isabelle-219x300.jpg\" alt=\"\">\n                        <\/a>\n                        <div class=\"doctor-social\">\n                            <ul class=\"list-inline text-center\"><li><a href=\"#\" title=\"Linkedin\">\n            <i class=\"fa fa-linkedin\"><\/i>\n            \n            <\/a><\/li><\/ul>                        <\/div>\n                    <\/div>\n                    <div class=\"doctor-info\">\n                        <h5><a href=\"https:\/\/cmbett.lu\/lb\/team\/isabelle-jung\/\">Isabelle Jung<\/a><\/h5>\n                        <span>Generalist<\/span>                    <\/div>\n                    <\/div>\n                <\/div>\n              \n                                <div class=\"col-md-6 col-sm-6\">\n                    <div class=\"item\">\n                    <div class=\"doctor-thumb\">\n                        <a href=\"https:\/\/cmbett.lu\/lb\/team\/mike-thommes\/\">\n                            <img src=\"https:\/\/cmbett.lu\/wp-content\/uploads\/2022\/08\/photo-Mike-233x300.jpg\" alt=\"\">\n                        <\/a>\n                        <div class=\"doctor-social\">\n                            <ul class=\"list-inline text-center\"><li><a href=\"#\" title=\"Facebook\">\n            <i class=\"fa fa-facebook\"><\/i>\n            \n            <\/a><\/li><li><a href=\"#\" title=\"Twitter\">\n            <i class=\"fa fa-twitter\"><\/i>\n            \n            <\/a><\/li><li><a href=\"#\" title=\"Youtube\">\n            <i class=\"fa fa-youtube\"><\/i>\n            \n            <\/a><\/li><li><a href=\"#\" title=\"Linkedin\">\n            <i class=\"fa fa-linkedin\"><\/i>\n            \n            <\/a><\/li><\/ul>                        <\/div>\n                    <\/div>\n                    <div class=\"doctor-info\">\n                        <h5><a href=\"https:\/\/cmbett.lu\/lb\/team\/mike-thommes\/\">Mike Thommes<\/a><\/h5>\n                                            <\/div>\n                    <\/div>\n                <\/div>\n              \n                                <div class=\"col-md-6 col-sm-6\">\n                    <div class=\"item\">\n                    <div class=\"doctor-thumb\">\n                        <a href=\"https:\/\/cmbett.lu\/lb\/team\/jesscia-selvaggi\/\">\n                            <img src=\"https:\/\/cmbett.lu\/wp-content\/uploads\/2022\/08\/Jesscia-169x300.jpg\" alt=\"\">\n                        <\/a>\n                        <div class=\"doctor-social\">\n                            <ul class=\"list-inline text-center\"><li><a href=\"#\" title=\"Facebook\">\n            <i class=\"fa fa-facebook\"><\/i>\n            \n            <\/a><\/li><li><a href=\"#\" title=\"Twitter\">\n            <i class=\"fa fa-twitter\"><\/i>\n            \n            <\/a><\/li><li><a href=\"#\" title=\"Youtube\">\n            <i class=\"fa fa-youtube\"><\/i>\n            \n            <\/a><\/li><li><a href=\"#\" title=\"Linkedin\">\n            <i class=\"fa fa-linkedin\"><\/i>\n            \n            <\/a><\/li><\/ul>                        <\/div>\n                    <\/div>\n                    <div class=\"doctor-info\">\n                        <h5><a href=\"https:\/\/cmbett.lu\/lb\/team\/jesscia-selvaggi\/\">Jessica Selvaggi<\/a><\/h5>\n                        <span>Secr\u00e9taire m\u00e9dicale<\/span>                    <\/div>\n                    <\/div>\n                <\/div>\n              \n                <\/div><!-- end Carousel -->[\/vc_column][\/vc_row]<\/p>","protected":false},"excerpt":{"rendered":"<p>[vc_row][vc_column][\/vc_column][\/vc_row][vc_row full_width=&#8221;stretch_row_content_no_spaces&#8221; equal_height=&#8221;yes&#8221; ad_padding=&#8221;column-no-spacing&#8221;][vc_column width=&#8221;1\/4&#8243;][\/vc_column][vc_column width=&#8221;1\/4&#8243;][\/vc_column][vc_column width=&#8221;1\/4&#8243;][\/vc_column][vc_column width=&#8221;1\/4&#8243;][\/vc_column][\/vc_row][vc_row css=&#8221;.vc_custom_1496067553502{padding-top: 60px !important;padding-bottom: 0px !important;}&#8221;][vc_column][vc_column_text] D\u2019Consultatiounen sinn n\u00ebmmen op Rendezvous, ausser am Fall vun engem Noutfall. Mir maachen och Hausvisitten (Gemeng Beetebuerg) jee no eisen Disponibilit\u00e9iten, mee<\/p>\n<div class=\"more-link-wrap\"><a href=\"https:\/\/cmbett.lu\/lb\/team\/jesscia-selvaggi\/\" class=\"btn btn-ghost btn-accent btn-small view-more\">Continue reading <i class=\"fa fa-long-arrow-right\"><\/i><\/a><\/div>\n","protected":false},"author":1,"featured_media":0,"parent":0,"menu_order":0,"comment_status":"closed","ping_status":"closed","template":"","meta":[],"_links":{"self":[{"href":"https:\/\/cmbett.lu\/lb\/wp-json\/wp\/v2\/pages\/179"}],"collection":[{"href":"https:\/\/cmbett.lu\/lb\/wp-json\/wp\/v2\/pages"}],"about":[{"href":"https:\/\/cmbett.lu\/lb\/wp-json\/wp\/v2\/types\/page"}],"author":[{"embeddable":true,"href":"https:\/\/cmbett.lu\/lb\/wp-json\/wp\/v2\/users\/1"}],"replies":[{"embeddable":true,"href":"https:\/\/cmbett.lu\/lb\/wp-json\/wp\/v2\/comments?post=179"}],"version-history":[{"count":187,"href":"https:\/\/cmbett.lu\/lb\/wp-json\/wp\/v2\/pages\/179\/revisions"}],"predecessor-version":[{"id":626277,"href":"https:\/\/cmbett.lu\/lb\/wp-json\/wp\/v2\/pages\/179\/revisions\/626277"}],"wp:attachment":[{"href":"https:\/\/cmbett.lu\/lb\/wp-json\/wp\/v2\/media?parent=179"}],"curies":[{"name":"wp","href":"https:\/\/api.w.org\/{rel}","templated":true}]}}