{"id":179,"date":"2016-08-22T10:00:37","date_gmt":"2016-08-22T10:00:37","guid":{"rendered":"http:\/\/themeperch.net\/doctoral\/?page_id=179"},"modified":"2025-12-08T10:47:16","modified_gmt":"2025-12-08T09:47:16","slug":"home","status":"publish","type":"page","link":"https:\/\/cmbett.lu\/en\/","title":{"rendered":"Home"},"content":{"rendered":"<p>[vc_row][vc_column]<div class=\"custom-vc-element-image-heading\"><div class=\"image-heading-content\"><\/p>\n<h1>Cabinet M\u00e9dical Bettembourg<\/h1>\n<p>M\u00e9decine g\u00e9n\u00e9rale<br \/>\nPetry Deborah,\u00a0 Jung Isabelle &amp; Thommes Mike<\/p>\n<\/div><div class=\"image-container\"><img src=\"https:\/\/cmbett.lu\/wp-content\/uploads\/2017\/03\/sliderphoto-web.jpg\" alt=\"intro\"><\/div><\/div><div class=\"custom-vc-element-latest-news\"><h2>News<\/h2><div class=\"latest-news-items\"><div class=\"latest-news-item\"><div class=\"latest-news-item-content\"><a href=\"https:\/\/cmbett.lu\/en\/fermeture-exceptionnelle-le-7-et-8-avril-2026\/\"><h3>Exceptional closure 7th+8th+9th April 2026<\/h3><div class=\"latest-news-item-excerpt\">We are exceptionnally closed from Tuesday 7th to Thursday 9th of April due to works. \r\nFor your and our confort,...<\/div><\/a><\/div><\/div><div class=\"latest-news-item\"><div class=\"latest-news-item-content\"><a href=\"https:\/\/cmbett.lu\/en\/port-du-masque\/\"><h3>Protective mask<\/h3><div class=\"latest-news-item-excerpt\">Dear patients,\r\nyou should wear a mask if you have infectious symptoms (e.g. fever, cough, running nose etc) or if you...<\/div><\/a><\/div><\/div><div class=\"latest-news-item\"><div class=\"latest-news-item-content\"><a href=\"https:\/\/cmbett.lu\/en\/vaccination-anti-covid\/\"><h3>Anti-Covid vaccination<\/h3><div class=\"latest-news-item-excerpt\">You can get the vaccination against covid-19 at our practice (older &gt; 12 years). Contact our secretary for an appointment.<\/div><\/a><\/div><\/div><\/div><div class=\"latest-news-link\"><a class=\"btn btn-ghost btn-accent btn-small\" href=\"https:\/\/cmbett.lu\/en\/news\/\">More news<\/a><\/div><\/div>[\/vc_column][\/vc_row][vc_row full_width=&#8221;stretch_row_content_no_spaces&#8221; equal_height=&#8221;yes&#8221; ad_padding=&#8221;column-no-spacing&#8221;][vc_column width=&#8221;1\/4&#8243;]<div class=\"contact-info-box color-bg\" style=\"background-color:rgba(7,103,167,0.8)\"><span class=\"icon et-map\"><\/span><h5>Our Address<\/h5><ul><li><span class=\"info-title\">Cabinet M\u00e9dical Bettembourg<\/span><\/li><li>82, rue Fernand Mertens<\/li><li>L-3258 Bettembourg<\/li><\/ul><\/div>[\/vc_column][vc_column width=&#8221;1\/4&#8243;]<div class=\"contact-info-box color-bg\" style=\"background-color:rgba(7,103,167,0.9)\"><span class=\"icon et-mobile\"><\/span><h5>Appointment<\/h5><ul><li><a href=\"\/rendez-vous\/\">Take an online appointment<\/a><\/li><li><span class=\"info-title\">By phone<\/span><a href=\"tel:\/\/511382\">51 13 82<\/a><\/li><li><span class=\"info-title\">Email: <\/span><a href=\"mailto:info@cmbett.lu\">info@cmbett.lu<\/a><\/li><\/ul><\/div>[\/vc_column][vc_column width=&#8221;1\/4&#8243;]<div class=\"contact-info-box color-bg\" style=\"background-color:\"><span class=\"icon et-clock\"><\/span><h5>Secretariat opening hours<\/h5><ul><li><span class=\"info-title\">Monday \u2013 Friday<\/span>7:45-12:00 and 13:00-16:30<\/li><\/ul><\/div>[\/vc_column][vc_column width=&#8221;1\/4&#8243;]<div class=\"contact-info-box color-bg\" style=\"background-color:#1f76b0\"><span class=\"icon et-clock\"><\/span><h5>Medical consultation hours<\/h5><ul><li><span class=\"info-title\">Monday<\/span>8:00 \u2013 12:00 and 13:00 \u2013 17:00<\/li><li><span class=\"info-title\">Tuesday<\/span>8:00-11:30 and 13:00 - 17:00<\/li><li><span class=\"info-title\">Wednesday<\/span>8:00 \u2013 12:00 and 14:00 \u2013 17:00<\/li><li><span class=\"info-title\">Thursday<\/span>8:00 \u2013 12:00 and 14:00 \u2013 18:30<\/li><li><span class=\"info-title\">Friday<\/span>8:00 \u2013 12:00 and 14:00 \u2013 17:00<\/li><li><span class=\"info-title\">Saturday <\/span>Consultations if needed<\/li><\/ul><\/div>[\/vc_column][\/vc_row][vc_row][vc_column][vc_column_text]<\/p>\n<h5 style=\"text-align: center;\">Consultations are by appointment only, except in case of emergency.<\/h5>\n<h5 style=\"text-align: center;\">We also do home visits (only in Bettembourg) according to our availability, mainly during lunch time or in the evening after our consultations. Please contact us by phone or email.<\/h5>\n<p>[\/vc_column_text][\/vc_column][\/vc_row][vc_row][vc_column][vc_column_text]<\/p>\n<h5 style=\"text-align: center;\">If the appointment is not canceled <strong>at least 3 hours in advance or the morning at 8:00 am for an appointment before 11:00 am<\/strong>, we take the liberty, when there is no valid excuse, to charge compensation for this not respected appointment.<\/h5>\n<h5>[\/vc_column_text][\/vc_column][\/vc_row][vc_row full_width=&#8221;stretch_row_content_no_spaces&#8221;][vc_column width=&#8221;1\/4&#8243;]<div class=\"intro intro-feature\">\n<div class=\"intro-icon\"><span class=\"icon et-caution\"><\/span><\/div>\n<div class=\"intro-content\">\n<h5>Emergency<\/h5>\n<p>112<\/p>\n<\/div>\n<\/div>[\/vc_column][vc_column width=&#8221;1\/4&#8243;]<div class=\"intro intro-feature\">\n<div class=\"intro-icon\"><span class=\"icon et-map\"><\/span><\/div>\n<div class=\"intro-content\">\n<h5>Maison m\u00e9dicale Luxembourg City<\/h5>\n<p>23, Val Fleuri<br \/>\nL-1526 Luxembourg<br \/>\n<\/p>\n<\/div>\n<\/div>[\/vc_column][vc_column width=&#8221;1\/4&#8243;]<div class=\"intro intro-feature\">\n<div class=\"intro-icon\"><span class=\"icon et-map\"><\/span><\/div>\n<div class=\"intro-content\">\n<h5>Maison m\u00e9dicale Esch-sur-Alzette<\/h5>\n<p>3-5, avenue du Swing<br \/>\nL-4367 Belvaux (Esch-Belval)<\/p>\n<\/div>\n<\/div>[\/vc_column][vc_column width=&#8221;1\/4&#8243;]<div class=\"intro intro-feature\">\n<div class=\"intro-icon\"><span class=\"icon et-compass\"><\/span><\/div>\n<div class=\"intro-content\">\n<h5><\/h5>\n<p><a href=\"http:\/\/www.sante.public.lu\/fr\/urgences-gardes\/services-garde\/hopitaux-garde\/index.html\" target=\"_blank\" rel=\"noopener noreferrer\">Hospitals on duty<\/a><br \/>\n<a href=\"http:\/\/www.pharmacie.lu\/\" target=\"_blank\" rel=\"noopener noreferrer\">Pharmacies on duty<\/a><\/p>\n<\/div>\n<\/div>[\/vc_column][\/vc_row][vc_row full_width=&#8221;stretch_row&#8221; ad_bg=&#8221;alt-bg&#8221;][vc_column]<div><div class=\"welcome-text text-center\">\r\n                <h3>Your team<\/h3>\r\n                <\/div><\/div><div class=\"doctors-carousel doctors-grid row doctors-carousel--petry-jung\">\n                        <div class=\"col-md-6 col-sm-6\">\n                    <div class=\"item\">\n                    <div class=\"doctor-thumb\">\n                        <a href=\"https:\/\/cmbett.lu\/en\/team\/deborah-petry\/\">\n                            <img src=\"https:\/\/cmbett.lu\/wp-content\/uploads\/2017\/03\/Debo-200x300.jpg\" alt=\"\">\n                        <\/a>\n                        <div class=\"doctor-social\">\n                            <ul class=\"list-inline text-center\"><li><a href=\"#\" title=\"Linkedin\">\n            <i class=\"fa fa-linkedin\"><\/i>\n            \n            <\/a><\/li><\/ul>                        <\/div>\n                    <\/div>\n                    <div class=\"doctor-info\">\n                        <h5><a href=\"https:\/\/cmbett.lu\/en\/team\/deborah-petry\/\">Deborah Petry<\/a><\/h5>\n                        <span>General practitioner<\/span>                    <\/div>\n                    <\/div>\n                <\/div>\n              \n                                <div class=\"col-md-6 col-sm-6\">\n                    <div class=\"item\">\n                    <div class=\"doctor-thumb\">\n                        <a href=\"https:\/\/cmbett.lu\/en\/team\/isabelle-jung\/\">\n                            <img src=\"https:\/\/cmbett.lu\/wp-content\/uploads\/2017\/03\/Isabelle-219x300.jpg\" alt=\"\">\n                        <\/a>\n                        <div class=\"doctor-social\">\n                            <ul class=\"list-inline text-center\"><li><a href=\"#\" title=\"Linkedin\">\n            <i class=\"fa fa-linkedin\"><\/i>\n            \n            <\/a><\/li><\/ul>                        <\/div>\n                    <\/div>\n                    <div class=\"doctor-info\">\n                        <h5><a href=\"https:\/\/cmbett.lu\/en\/team\/isabelle-jung\/\">Isabelle Jung<\/a><\/h5>\n                        <span>General practitioner<\/span>                    <\/div>\n                    <\/div>\n                <\/div>\n              \n                                <div class=\"col-md-6 col-sm-6\">\n                    <div class=\"item\">\n                    <div class=\"doctor-thumb\">\n                        <a href=\"https:\/\/cmbett.lu\/en\/team\/mike-thommes\/\">\n                            <img src=\"https:\/\/cmbett.lu\/wp-content\/uploads\/2022\/08\/photo-Mike-233x300.jpg\" alt=\"\">\n                        <\/a>\n                        <div class=\"doctor-social\">\n                            <ul class=\"list-inline text-center\"><li><a href=\"#\" title=\"Facebook\">\n            <i class=\"fa fa-facebook\"><\/i>\n            \n            <\/a><\/li><li><a href=\"#\" title=\"Twitter\">\n            <i class=\"fa fa-twitter\"><\/i>\n            \n            <\/a><\/li><li><a href=\"#\" title=\"Youtube\">\n            <i class=\"fa fa-youtube\"><\/i>\n            \n            <\/a><\/li><li><a href=\"#\" title=\"Linkedin\">\n            <i class=\"fa fa-linkedin\"><\/i>\n            \n            <\/a><\/li><\/ul>                        <\/div>\n                    <\/div>\n                    <div class=\"doctor-info\">\n                        <h5><a href=\"https:\/\/cmbett.lu\/en\/team\/mike-thommes\/\">Mike Thommes<\/a><\/h5>\n                                            <\/div>\n                    <\/div>\n                <\/div>\n              \n                                <div class=\"col-md-6 col-sm-6\">\n                    <div class=\"item\">\n                    <div class=\"doctor-thumb\">\n                        <a href=\"https:\/\/cmbett.lu\/en\/team\/jesscia-selvaggi\/\">\n                            <img src=\"https:\/\/cmbett.lu\/wp-content\/uploads\/2022\/08\/Jesscia-169x300.jpg\" alt=\"\">\n                        <\/a>\n                        <div class=\"doctor-social\">\n                            <ul class=\"list-inline text-center\"><li><a href=\"#\" title=\"Facebook\">\n            <i class=\"fa fa-facebook\"><\/i>\n            \n            <\/a><\/li><li><a href=\"#\" title=\"Twitter\">\n            <i class=\"fa fa-twitter\"><\/i>\n            \n            <\/a><\/li><li><a href=\"#\" title=\"Youtube\">\n            <i class=\"fa fa-youtube\"><\/i>\n            \n            <\/a><\/li><li><a href=\"#\" title=\"Linkedin\">\n            <i class=\"fa fa-linkedin\"><\/i>\n            \n            <\/a><\/li><\/ul>                        <\/div>\n                    <\/div>\n                    <div class=\"doctor-info\">\n                        <h5><a href=\"https:\/\/cmbett.lu\/en\/team\/jesscia-selvaggi\/\">Jessica Selvaggi<\/a><\/h5>\n                        <span>Secr\u00e9taire m\u00e9dicale<\/span>                    <\/div>\n                    <\/div>\n                <\/div>\n              \n                <\/div><!-- end Carousel -->[\/vc_column][\/vc_row][vc_row][vc_column][vc_column_text]<\/h5>\n<p>[\/vc_column_text][\/vc_column][\/vc_row]<\/p>","protected":false},"excerpt":{"rendered":"<p>[vc_row][vc_column][\/vc_column][\/vc_row][vc_row full_width=&#8221;stretch_row_content_no_spaces&#8221; equal_height=&#8221;yes&#8221; ad_padding=&#8221;column-no-spacing&#8221;][vc_column width=&#8221;1\/4&#8243;][\/vc_column][vc_column width=&#8221;1\/4&#8243;][\/vc_column][vc_column width=&#8221;1\/4&#8243;][\/vc_column][vc_column width=&#8221;1\/4&#8243;][\/vc_column][\/vc_row][vc_row][vc_column][vc_column_text] Consultations are by appointment only, except in case of emergency. We also do home visits (only in Bettembourg) according to our availability, mainly during lunch time or<\/p>\n<div class=\"more-link-wrap\"><a href=\"https:\/\/cmbett.lu\/en\/team\/jesscia-selvaggi\/\" class=\"btn btn-ghost btn-accent btn-small view-more\">Continue reading <i class=\"fa fa-long-arrow-right\"><\/i><\/a><\/div>\n","protected":false},"author":1,"featured_media":0,"parent":0,"menu_order":0,"comment_status":"closed","ping_status":"closed","template":"","meta":[],"_links":{"self":[{"href":"https:\/\/cmbett.lu\/en\/wp-json\/wp\/v2\/pages\/179"}],"collection":[{"href":"https:\/\/cmbett.lu\/en\/wp-json\/wp\/v2\/pages"}],"about":[{"href":"https:\/\/cmbett.lu\/en\/wp-json\/wp\/v2\/types\/page"}],"author":[{"embeddable":true,"href":"https:\/\/cmbett.lu\/en\/wp-json\/wp\/v2\/users\/1"}],"replies":[{"embeddable":true,"href":"https:\/\/cmbett.lu\/en\/wp-json\/wp\/v2\/comments?post=179"}],"version-history":[{"count":187,"href":"https:\/\/cmbett.lu\/en\/wp-json\/wp\/v2\/pages\/179\/revisions"}],"predecessor-version":[{"id":626277,"href":"https:\/\/cmbett.lu\/en\/wp-json\/wp\/v2\/pages\/179\/revisions\/626277"}],"wp:attachment":[{"href":"https:\/\/cmbett.lu\/en\/wp-json\/wp\/v2\/media?parent=179"}],"curies":[{"name":"wp","href":"https:\/\/api.w.org\/{rel}","templated":true}]}}